{"id":76617,"date":"2024-03-13T10:49:27","date_gmt":"2024-03-13T09:49:27","guid":{"rendered":"https:\/\/www.fieracavalli.it\/?page_id=76617"},"modified":"2024-03-13T11:20:31","modified_gmt":"2024-03-13T10:20:31","slug":"privacy-policy","status":"publish","type":"page","link":"https:\/\/www.fieracavalli.it\/en\/privacy-policy\/","title":{"rendered":"Privacy Policy"},"content":{"rendered":"<p><strong>INFORMATIVA AI SENSI DELL\u2019ART. 13 DEL REGOLAMENTO (UE) 2016\/679 (\u201cGDPR\u201d)<\/strong><br \/>\nVeronafiere S.p.A. fornisce le informazioni richieste dal GDPR riguardanti il trattamento dei dati personali (di seguito, \u201cDati\u201d) conferiti al fine di iscriversi al servizio di newsletter (di seguito, \u201cServizio di Newsletter\u201d) riguardante la manifestazione (es. successive edizioni, eventi e servizi correlati), nonch\u00e9 iniziative attinenti al medesimo settore oggetto della manifestazione.<\/p>\n<p><strong>1. Identit\u00e0 e dati di contatto del titolare del trattamento<\/strong><br \/>\nTitolare del trattamento \u00e8 Veronafiere S.p.A. (di seguito, \u201cVeronafiere\u201d o \u201cTitolare\u201d), P. IVA 00233750231, Viale del Lavoro 8, 37135 \u2013 Verona, tel. 045 8298111, fax 045 82 98 288, e-mail info@veronafiere.it, mail@pec.veronafiere.it.<\/p>\n<p><strong>2. Dati di contatto del responsabile della protezione dati (dpo)<\/strong><br \/>\nIl DPO \u00e8 contattabile all\u2019indirizzo e-mail: dpo@veronafiere.eu<\/p>\n<p><strong>3. Finalit\u00e0 e basi giuridiche del trattamento e tempi di conservazione dei dati<\/strong><br \/>\nI Dati saranno trattati al fine di erogare il Servizio di Newsletter.<br \/>\nPertanto, la base giuridica del trattamento consiste nell&#8217;esecuzione di un contratto di cui Lei \u00e8 parte.<br \/>\nI Dati saranno conservati fino al suo recesso dal Servizio di Newsletter nelle modalit\u00e0 indicate al successivo punto 5. In questo caso, i Dati saranno distrutti, cancellati o resi anonimi, compatibilmente con le tempistiche tecniche e di backup.<\/p>\n<p><strong>4. Conferimento dei Dati<\/strong><br \/>\nIl conferimento dei Dati contrassegnati con l\u2019asterisco \u00e8 necessario al fine di erogare correttamente il Servizio di Newsletter; pertanto, l&#8217;eventuale rifiuto di fornirli comporta l\u2019impossibilit\u00e0 di fruire del Servizio di Newsletter.<\/p>\n<p><strong>5. Cancellazione dal servizio<\/strong><br \/>\nPer non ricevere pi\u00f9 le e-mail di cui al Servizio di Newsletter, Lei pu\u00f2 cliccare sul link di disiscrizione (\u201cunsubscribe\u201d) presente in calce ad ogni e-mail.<\/p>\n<p><strong>6. Destinatari dei Dati<\/strong><br \/>\nI Dati potranno essere comunicati a soggetti terzi operanti in qualit\u00e0 di Titolari autonomi, quali, ad es., autorit\u00e0 pubbliche e studi professionali.<br \/>\nI Dati potranno essere altres\u00ec trattati, per conto del Titolare, da soggetti terzi, designati come Responsabili del trattamento ai sensi dell\u2019art. 28 del GDPR, che svolgono attivit\u00e0 funzionali o connesse al Servizio di Newsletter (es. fornitori di servizi IT, societ\u00e0 che si occupano dell\u2019invio massivo di comunicazioni).<br \/>\nInoltre, i Dati sono trattati dai dipendenti di Veronafiere &#8211; appartenenti alle funzioni aziendali deputate al perseguimento della finalit\u00e0 sopraindicata &#8211; che sono stati espressamente autorizzati al trattamento e che hanno ricevuto adeguate istruzioni operative.<\/p>\n<p><strong>7. Diritti dell\u2019interessato<\/strong><br \/>\nFermo restando quanto indicato al precedente punto 5, gli interessati possono ottenere dal Titolare la conferma che sia o meno in corso un trattamento di dati personali che li riguardano e, in tal caso, l\u2019accesso agli stessi ed alle informazioni di cui all\u2019art. 15, la rettifica dei dati inesatti, l\u2019integrazione dei dati incompleti, la cancellazione dei dati nei casi previsti dall\u2019art. 17, la limitazione del trattamento nei casi previsti dall\u2019art. 18 del GDPR.<br \/>\nGli interessati, inoltre, nel caso in cui il trattamento sia basato sul consenso o sul contratto e sia effettuato con strumenti automatizzati hanno il diritto di ricevere in un formato strutturato, di uso comune e leggibile da dispositivo automatico i Dati, nonch\u00e9, se tecnicamente fattibile, di trasmetterli ad altro titolare senza impedimenti.<br \/>\nPer l\u2019esercizio dei diritti l\u2019interessato pu\u00f2 rivolgersi al Titolare ai punti di contatto di cui al par. 1 oppure scrivendo una e-mail all\u2019indirizzo privacy@veronafiere.it.<br \/>\nGli interessati hanno altres\u00ec il diritto di proporre reclamo all&#8217;Autorit\u00e0 di controllo competente nello Stato membro in cui risiedono abitualmente o lavorano o dello Stato in cui si \u00e8 verificata la presunta violazione.!<\/p>\n<p><em>Ultimo aggiornamento: aprile 2021<\/em><\/p>\n","protected":false},"excerpt":{"rendered":"<p>INFORMATIVA AI SENSI DELL\u2019ART. 13 DEL REGOLAMENTO (UE) 2016\/679 (\u201cGDPR\u201d) Veronafiere S.p.A. fornisce le informazioni richieste dal GDPR riguardanti il trattamento dei dati personali (di seguito, \u201cDati\u201d) conferiti al fine di iscriversi al servizio di newsletter (di seguito, \u201cServizio di Newsletter\u201d) riguardante la manifestazione (es. successive edizioni, eventi e servizi correlati), nonch\u00e9 iniziative attinenti al [&hellip;]<\/p>\n","protected":false},"author":3,"featured_media":0,"parent":0,"menu_order":0,"comment_status":"closed","ping_status":"closed","template":"","meta":{"_acf_changed":false,"footnotes":""},"tags":[],"class_list":["post-76617","page","type-page","status-publish","hentry"],"acf":[],"yoast_head":"<!-- This site is optimized with the Yoast SEO plugin v27.5 - https:\/\/yoast.com\/product\/yoast-seo-wordpress\/ -->\n<title>Privacy Policy - Fieracavalli<\/title>\n<meta name=\"robots\" content=\"index, follow, max-snippet:-1, max-image-preview:large, max-video-preview:-1\" \/>\n<link rel=\"canonical\" href=\"https:\/\/www.fieracavalli.it\/en\/privacy-policy\/\" \/>\n<meta property=\"og:locale\" content=\"en_US\" \/>\n<meta property=\"og:type\" content=\"article\" \/>\n<meta property=\"og:title\" content=\"Privacy Policy - Fieracavalli\" \/>\n<meta property=\"og:url\" content=\"https:\/\/www.fieracavalli.it\/en\/privacy-policy\/\" \/>\n<meta property=\"og:site_name\" content=\"Fieracavalli\" \/>\n<meta property=\"article:publisher\" content=\"https:\/\/www.facebook.com\/fieracavalli\" \/>\n<meta property=\"article:modified_time\" content=\"2024-03-13T10:20:31+00:00\" \/>\n<meta name=\"twitter:card\" content=\"summary_large_image\" \/>\n<meta name=\"twitter:label1\" content=\"Est. reading time\" \/>\n\t<meta name=\"twitter:data1\" content=\"3 minutes\" \/>\n<script type=\"application\/ld+json\" class=\"yoast-schema-graph\">{\"@context\":\"https:\\\/\\\/schema.org\",\"@graph\":[{\"@type\":\"WebPage\",\"@id\":\"https:\\\/\\\/www.fieracavalli.it\\\/en\\\/privacy-policy\\\/\",\"url\":\"https:\\\/\\\/www.fieracavalli.it\\\/en\\\/privacy-policy\\\/\",\"name\":\"Privacy Policy - Fieracavalli\",\"isPartOf\":{\"@id\":\"https:\\\/\\\/www.fieracavalli.it\\\/en\\\/#website\"},\"datePublished\":\"2024-03-13T09:49:27+00:00\",\"dateModified\":\"2024-03-13T10:20:31+00:00\",\"inLanguage\":\"en-US\",\"potentialAction\":[{\"@type\":\"ReadAction\",\"target\":[\"https:\\\/\\\/www.fieracavalli.it\\\/en\\\/privacy-policy\\\/\"]}]},{\"@type\":\"WebSite\",\"@id\":\"https:\\\/\\\/www.fieracavalli.it\\\/en\\\/#website\",\"url\":\"https:\\\/\\\/www.fieracavalli.it\\\/en\\\/\",\"name\":\"FIERACAVALLI\",\"description\":\"Verona\",\"publisher\":{\"@id\":\"https:\\\/\\\/www.fieracavalli.it\\\/en\\\/#organization\"},\"potentialAction\":[{\"@type\":\"SearchAction\",\"target\":{\"@type\":\"EntryPoint\",\"urlTemplate\":\"https:\\\/\\\/www.fieracavalli.it\\\/en\\\/?s={search_term_string}\"},\"query-input\":{\"@type\":\"PropertyValueSpecification\",\"valueRequired\":true,\"valueName\":\"search_term_string\"}}],\"inLanguage\":\"en-US\"},{\"@type\":\"Organization\",\"@id\":\"https:\\\/\\\/www.fieracavalli.it\\\/en\\\/#organization\",\"name\":\"FIERACAVALLI\",\"url\":\"https:\\\/\\\/www.fieracavalli.it\\\/en\\\/\",\"logo\":{\"@type\":\"ImageObject\",\"inLanguage\":\"en-US\",\"@id\":\"https:\\\/\\\/www.fieracavalli.it\\\/en\\\/#\\\/schema\\\/logo\\\/image\\\/\",\"url\":\"https:\\\/\\\/www.fieracavalli.it\\\/wp-content\\\/uploads\\\/2022\\\/08\\\/LOGO_Jumping.png\",\"contentUrl\":\"https:\\\/\\\/www.fieracavalli.it\\\/wp-content\\\/uploads\\\/2022\\\/08\\\/LOGO_Jumping.png\",\"width\":283,\"height\":236,\"caption\":\"FIERACAVALLI\"},\"image\":{\"@id\":\"https:\\\/\\\/www.fieracavalli.it\\\/en\\\/#\\\/schema\\\/logo\\\/image\\\/\"},\"sameAs\":[\"https:\\\/\\\/www.facebook.com\\\/fieracavalli\",\"https:\\\/\\\/www.instagram.com\\\/fieracavalli\\\/\",\"https:\\\/\\\/www.youtube.com\\\/user\\\/fieracavalli\",\"https:\\\/\\\/www.linkedin.com\\\/company\\\/fieracavalli\\\/\",\"https:\\\/\\\/www.tiktok.com\\\/login?redirect_url=https:\\\/\\\/www.tiktok.com\\\/@fieracavalliverona&lang=en&enter_method=mandatory\",\"https:\\\/\\\/x.com\\\/i\\\/flow\\\/login?redirect_after_login=\\\/fieracavalli\"]}]}<\/script>\n<!-- \/ Yoast SEO plugin. -->","yoast_head_json":{"title":"Privacy Policy - Fieracavalli","robots":{"index":"index","follow":"follow","max-snippet":"max-snippet:-1","max-image-preview":"max-image-preview:large","max-video-preview":"max-video-preview:-1"},"canonical":"https:\/\/www.fieracavalli.it\/en\/privacy-policy\/","og_locale":"en_US","og_type":"article","og_title":"Privacy Policy - Fieracavalli","og_url":"https:\/\/www.fieracavalli.it\/en\/privacy-policy\/","og_site_name":"Fieracavalli","article_publisher":"https:\/\/www.facebook.com\/fieracavalli","article_modified_time":"2024-03-13T10:20:31+00:00","twitter_card":"summary_large_image","twitter_misc":{"Est. reading time":"3 minutes"},"schema":{"@context":"https:\/\/schema.org","@graph":[{"@type":"WebPage","@id":"https:\/\/www.fieracavalli.it\/en\/privacy-policy\/","url":"https:\/\/www.fieracavalli.it\/en\/privacy-policy\/","name":"Privacy Policy - Fieracavalli","isPartOf":{"@id":"https:\/\/www.fieracavalli.it\/en\/#website"},"datePublished":"2024-03-13T09:49:27+00:00","dateModified":"2024-03-13T10:20:31+00:00","inLanguage":"en-US","potentialAction":[{"@type":"ReadAction","target":["https:\/\/www.fieracavalli.it\/en\/privacy-policy\/"]}]},{"@type":"WebSite","@id":"https:\/\/www.fieracavalli.it\/en\/#website","url":"https:\/\/www.fieracavalli.it\/en\/","name":"FIERACAVALLI","description":"Verona","publisher":{"@id":"https:\/\/www.fieracavalli.it\/en\/#organization"},"potentialAction":[{"@type":"SearchAction","target":{"@type":"EntryPoint","urlTemplate":"https:\/\/www.fieracavalli.it\/en\/?s={search_term_string}"},"query-input":{"@type":"PropertyValueSpecification","valueRequired":true,"valueName":"search_term_string"}}],"inLanguage":"en-US"},{"@type":"Organization","@id":"https:\/\/www.fieracavalli.it\/en\/#organization","name":"FIERACAVALLI","url":"https:\/\/www.fieracavalli.it\/en\/","logo":{"@type":"ImageObject","inLanguage":"en-US","@id":"https:\/\/www.fieracavalli.it\/en\/#\/schema\/logo\/image\/","url":"https:\/\/www.fieracavalli.it\/wp-content\/uploads\/2022\/08\/LOGO_Jumping.png","contentUrl":"https:\/\/www.fieracavalli.it\/wp-content\/uploads\/2022\/08\/LOGO_Jumping.png","width":283,"height":236,"caption":"FIERACAVALLI"},"image":{"@id":"https:\/\/www.fieracavalli.it\/en\/#\/schema\/logo\/image\/"},"sameAs":["https:\/\/www.facebook.com\/fieracavalli","https:\/\/www.instagram.com\/fieracavalli\/","https:\/\/www.youtube.com\/user\/fieracavalli","https:\/\/www.linkedin.com\/company\/fieracavalli\/","https:\/\/www.tiktok.com\/login?redirect_url=https:\/\/www.tiktok.com\/@fieracavalliverona&lang=en&enter_method=mandatory","https:\/\/x.com\/i\/flow\/login?redirect_after_login=\/fieracavalli"]}]}},"_links":{"self":[{"href":"https:\/\/www.fieracavalli.it\/en\/wp-json\/wp\/v2\/pages\/76617","targetHints":{"allow":["GET"]}}],"collection":[{"href":"https:\/\/www.fieracavalli.it\/en\/wp-json\/wp\/v2\/pages"}],"about":[{"href":"https:\/\/www.fieracavalli.it\/en\/wp-json\/wp\/v2\/types\/page"}],"author":[{"embeddable":true,"href":"https:\/\/www.fieracavalli.it\/en\/wp-json\/wp\/v2\/users\/3"}],"replies":[{"embeddable":true,"href":"https:\/\/www.fieracavalli.it\/en\/wp-json\/wp\/v2\/comments?post=76617"}],"version-history":[{"count":2,"href":"https:\/\/www.fieracavalli.it\/en\/wp-json\/wp\/v2\/pages\/76617\/revisions"}],"predecessor-version":[{"id":76625,"href":"https:\/\/www.fieracavalli.it\/en\/wp-json\/wp\/v2\/pages\/76617\/revisions\/76625"}],"wp:attachment":[{"href":"https:\/\/www.fieracavalli.it\/en\/wp-json\/wp\/v2\/media?parent=76617"}],"wp:term":[{"taxonomy":"post_tag","embeddable":true,"href":"https:\/\/www.fieracavalli.it\/en\/wp-json\/wp\/v2\/tags?post=76617"}],"curies":[{"name":"wp","href":"https:\/\/api.w.org\/{rel}","templated":true}]}}